{"id":7,"date":"2016-09-05T11:40:49","date_gmt":"2016-09-05T11:40:49","guid":{"rendered":"http:\/\/bridge87.qodeinteractive.com\/?page_id=7"},"modified":"2020-03-17T13:03:01","modified_gmt":"2020-03-17T13:03:01","slug":"home","status":"publish","type":"page","link":"https:\/\/bluecourier.de\/","title":{"rendered":"Home"},"content":{"rendered":"<p>[vc_row css_animation=&#8220;&#8220; row_type=&#8220;row&#8220; use_row_as_full_screen_section=&#8220;no&#8220; type=&#8220;grid&#8220; angled_section=&#8220;no&#8220; text_align=&#8220;left&#8220; background_image_as_pattern=&#8220;without_pattern&#8220;][vc_column css=&#8220;.vc_custom_1481616437392{margin-top: -94px !important;padding-top: 94px !important;padding-bottom: 0px !important;background-color: #ffffff !important;}&#8220;][\/vc_column][\/vc_row][vc_row css_animation=&#8220;&#8220; row_type=&#8220;row&#8220; use_row_as_full_screen_section=&#8220;no&#8220; type=&#8220;grid&#8220; angled_section=&#8220;no&#8220; text_align=&#8220;left&#8220; background_image_as_pattern=&#8220;without_pattern&#8220;][vc_column css=&#8220;.vc_custom_1584449889170{margin-top: -46px !important;border-right-width: 1px !important;padding-top: 0px !important;padding-right: 48px !important;padding-left: 48px !important;background-color: #ffffff !important;border-right-color: #eae9e9 !important;border-right-style: solid !important;}&#8220; offset=&#8220;vc_col-lg-4 vc_col-md-4&#8243;][qode_elements_holder number_of_columns=&#8220;one_column&#8220;][qode_elements_holder_item vertical_alignment=&#8220;top&#8220; advanced_animations=&#8220;no&#8220; item_padding=&#8220;0 0 0 0&#8243; item_padding_600_768=&#8220;0 0 96px 0&#8243; item_padding_480_600=&#8220;0 0 96px 0&#8243; item_padding_480=&#8220;0 0 96px 0&#8243;][vc_single_image image=&#8220;412&#8243; img_size=&#8220;650&#215;500&#8243; onclick=&#8220;link_image&#8220; qode_css_animation=&#8220;&#8220; qode_hover_animation=&#8220;zoom_in&#8220;][vc_empty_space height=&#8220;24px&#8220;][vc_column_text]<\/p>\n<h6>Die regelm\u00e4\u00dfige L\u00f6sung<\/h6>\n<p>[\/vc_column_text][vc_empty_space height=&#8220;3px&#8220;][vc_column_text]<\/p>\n<h4>Linienfahrten<\/h4>\n<p>[\/vc_column_text][vc_empty_space height=&#8220;14px&#8220;][vc_column_text]Die\u00a0<em>regelm\u00e4\u00dfige<\/em>\u00a0Methode um Ihre Ware t\u00e4glich auf der gleichen Route zu bef\u00f6rdern.[\/vc_column_text][vc_empty_space height=&#8220;25px&#8220;][\/qode_elements_holder_item][\/qode_elements_holder][\/vc_column][vc_column css=&#8220;.vc_custom_1584449893746{margin-top: -46px !important;border-right-width: 1px !important;border-bottom-width: 0px !important;border-left-width: 0px !important;padding-top: 0px !important;padding-right: 48px !important;padding-bottom: 0px !important;padding-left: 48px !important;background-color: #ffffff !important;border-left-color: #eae9e9 !important;border-left-style: solid !important;border-right-color: #eae9e9 !important;border-right-style: solid !important;border-bottom-color: #eae9e9 !important;border-bottom-style: solid !important;}&#8220; offset=&#8220;vc_col-lg-4 vc_col-md-4&#8243;][qode_elements_holder number_of_columns=&#8220;one_column&#8220;][qode_elements_holder_item vertical_alignment=&#8220;top&#8220; advanced_animations=&#8220;no&#8220; item_padding=&#8220;0 0 0 0&#8243; item_padding_600_768=&#8220;0 0 96px 0&#8243; item_padding_480_600=&#8220;0 0 96px 0&#8243; item_padding_480=&#8220;0 0 96px 0&#8243;][vc_single_image image=&#8220;413&#8243; img_size=&#8220;650&#215;500&#8243; onclick=&#8220;link_image&#8220; qode_css_animation=&#8220;&#8220; qode_hover_animation=&#8220;zoom_in&#8220;][vc_empty_space height=&#8220;24px&#8220;][vc_column_text]<\/p>\n<h6>Die exklusivste Methode<\/h6>\n<p>[\/vc_column_text][vc_empty_space height=&#8220;3px&#8220;][vc_column_text]<\/p>\n<h4>Direktfahrten<\/h4>\n<p>[\/vc_column_text][vc_empty_space height=&#8220;14px&#8220;][vc_column_text]Die\u00a0<em>exklusivste<\/em> Methode um Ihre Ware sicher von \u201eA\u201c nach \u201eB\u201c zu bringen.[\/vc_column_text][vc_empty_space height=&#8220;25px&#8220;][\/qode_elements_holder_item][\/qode_elements_holder][\/vc_column][vc_column css=&#8220;.vc_custom_1492515599080{margin-top: -46px !important;border-right-width: 1px !important;padding-top: 0px !important;padding-right: 48px !important;padding-left: 48px !important;background-color: #ffffff !important;border-right-color: #ffffff !important;border-right-style: solid !important;}&#8220; offset=&#8220;vc_col-lg-4 vc_col-md-4&#8243;][qode_elements_holder number_of_columns=&#8220;one_column&#8220;][qode_elements_holder_item vertical_alignment=&#8220;top&#8220; advanced_animations=&#8220;no&#8220; item_padding=&#8220;0 0 0 0&#8243;][vc_single_image image=&#8220;417&#8243; img_size=&#8220;650&#215;500&#8243; onclick=&#8220;link_image&#8220; qode_css_animation=&#8220;&#8220; qode_hover_animation=&#8220;zoom_in&#8220;][vc_empty_space height=&#8220;24px&#8220;][vc_column_text]<\/p>\n<h6>Die schnellste Methode<\/h6>\n<p>[\/vc_column_text][vc_empty_space height=&#8220;3px&#8220;][vc_column_text]<\/p>\n<h4>Expressfahrten<\/h4>\n<p>[\/vc_column_text][vc_empty_space height=&#8220;14px&#8220;][vc_column_text]Die\u00a0<em>schnellste<\/em>\u00a0Methode um Ihre Ware zu transportieren, auch per Flugzeug wenn es eilt.[\/vc_column_text][vc_empty_space height=&#8220;25px&#8220;][\/qode_elements_holder_item][\/qode_elements_holder][\/vc_column][\/vc_row][vc_row css_animation=&#8220;&#8220; row_type=&#8220;row&#8220; use_row_as_full_screen_section=&#8220;no&#8220; type=&#8220;grid&#8220; angled_section=&#8220;no&#8220; text_align=&#8220;center&#8220; background_image_as_pattern=&#8220;without_pattern&#8220; z_index=&#8220;&#8220;][vc_column css=&#8220;.vc_custom_1584450023812{background-color: #ffffff !important;}&#8220;]\n\n\t<a href=\"\/leistungen\" target=\"_self\"  class=\"qode-btn qode-btn-medium qode-btn-solid qode-btn-default-hover\"  >\n\t    <span class=\"qode-btn-text\">Erfahren sie mehr \u00fcber unsere Leistungen<\/span>\t<\/a>\n\n[\/vc_column][\/vc_row][vc_row css_animation=&#8220;&#8220; row_type=&#8220;row&#8220; use_row_as_full_screen_section=&#8220;no&#8220; type=&#8220;grid&#8220; angled_section=&#8220;no&#8220; text_align=&#8220;left&#8220; background_image_as_pattern=&#8220;without_pattern&#8220; z_index=&#8220;&#8220;][vc_column css=&#8220;.vc_custom_1584450010065{padding-top: 49px !important;padding-bottom: 0px !important;background-color: #ffffff !important;}&#8220;][\/vc_column][\/vc_row][vc_row css_animation=&#8220;&#8220; row_type=&#8220;row&#8220; use_row_as_full_screen_section=&#8220;no&#8220; type=&#8220;full_width&#8220; angled_section=&#8220;no&#8220; text_align=&#8220;left&#8220; background_image_as_pattern=&#8220;without_pattern&#8220;][vc_column][vc_empty_space height=&#8220;80&#8243;]<div class=\"qode-elliptical-slider\"><div class=\"qode-elliptical-slider-slides\" data-autoplay = no>\n<div class=\"qode-elliptical-slide\" style=\"background-image:url(https:\/\/bluecourier.de\/wp-content\/uploads\/2020\/03\/AdobeStock_206491290-BW-scaled.jpeg)\">\n    <div class=\"qode-elliptical-slide-image-holder-wrapper\" style=\"background-color:#2c3137\">\n        <span class=\"qode-elliptical-slide-image-holder\">\n            <img src=\"https:\/\/bluecourier.de\/wp-content\/uploads\/2020\/03\/AdobeStock_206491290-BW-scaled.jpeg\" alt=\"qode-eliptic-slider\"\/>\n        <\/span>\n    <\/div>\n    <div class=\"qode-elliptical-slide-content-holder\" style=\"background: -webkit-linear-gradient(left, #2c3137 50%, transparent 50%);background: linear-gradient(90deg, #2c3137 50%, transparent 50%);\">\n        <div class=\"qode-elliptical-slide-content-holder-inner grid_section\">\n            <div class=\"qode-elliptical-slide-content-wrapper section_inner\">\n                <div class=\"qode-elliptical-slide-wrapper-inner\">\n\t\t\t\t\t<div class=\"qode-elliptical-slide-svg-holder\">\n\t\t\t\t\t\t<svg version=\"1.1\" id=\"Layer_1\" xmlns=\"http:\/\/www.w3.org\/2000\/svg\" xmlns:xlink=\"http:\/\/www.w3.org\/1999\/xlink\" x=\"0px\" y=\"0px\" width=\"92.296px\" height=\"485px\" viewBox=\"0 0 92.296 492\" enable-background=\"new 0 0 92.296 492\" preserveAspectRatio=\"none\">\n\t\t\t\t\t\t\t<path style=\"fill:#2c3137\" d=\"M91.621,0H0v492h92.296C47.988,426.806,21,340.351,21,245.5C21,151.133,47.716,65.078,91.621,0z\"\/>\n\t\t\t\t\t\t<\/svg>\n\t\t\t\t\t<\/div>\n                    <div class=\"qode-elliptical-slide-elements-holder\">\n\n\t\t\t\t\t\t[vc_column_text]<\/p>\n<h6>einfach und transparent<\/h6>\n<p>[\/vc_column_text][vc_empty_space height=&#8220;7px&#8220;][vc_column_text]<\/p>\n<h2><span style=\"color: #ffffff;\">Unsere Preisgestaltung<\/span><\/h2>\n<p>[\/vc_column_text][vc_empty_space height=&#8220;24px&#8220;][vc_column_text]<span style=\"color: #ffffff;\">Bei uns zahlen Sie keine Servicegeb\u00fchr, Anfahrt, Zollgeb\u00fchren, Gewichtszuschlag oder \u00e4hnliche versteckte Geb\u00fchren.<br \/>\nTagespauschalen und Verg\u00fcnstigungen bei Dauerauftr\u00e4gen sind m\u00f6glich<\/span>[\/vc_column_text][vc_empty_space height=&#8220;33px&#8220;]\n\n\t<a href=\"\/preise\" target=\"_self\" style=\"font-size: 13px\" class=\"qode-btn qode-btn-medium qode-btn-solid qode-btn-icon qodef-btn-icon-square qode-btn-icon-rotate\"  >\n\t    <span class=\"qode-btn-text\">Mehr Erfahren<\/span><span class=\"qode-button-v2-icon-holder\" style=\"font-size: 21px\" ><span aria-hidden=\"true\" class=\"qode_icon_font_elegant arrow_carrot-right_alt2 qode-button-v2-icon-holder-inner\" ><\/span><\/span>\t<\/a>\n\n                    <\/div>\n                <\/div>\n            <\/div>\n        <\/div>\n    <\/div>\n<\/div><\/div><\/div>[\/vc_column][\/vc_row][vc_row css_animation=&#8220;&#8220; row_type=&#8220;row&#8220; use_row_as_full_screen_section=&#8220;no&#8220; type=&#8220;grid&#8220; angled_section=&#8220;no&#8220; text_align=&#8220;left&#8220; background_image_as_pattern=&#8220;without_pattern&#8220; css=&#8220;.vc_custom_1491985350860{padding-top: 97px !important;padding-bottom: 80px !important;}&#8220;][vc_column][qode_content_slider auto_rotate=&#8220;5&#8243; enable_drag=&#8220;yes&#8220; direction_nav=&#8220;no&#8220; control_nav=&#8220;yes&#8220; pause_on_hover=&#8220;no&#8220;][qode_content_slider_item][vc_row_inner row_type=&#8220;row&#8220; type=&#8220;full_width&#8220; text_align=&#8220;left&#8220; css_animation=&#8220;&#8220;][vc_column_inner offset=&#8220;vc_col-lg-4 vc_col-md-4&#8243;][vc_column_text]<\/p>\n<h6 data-adtags-visited=\"true\">\u201eQualit\u00e4t ist, wenn der Kunde zur\u00fcck kommt \u2013 nicht die Ware\u201c<\/h6>\n<p>[\/vc_column_text][vc_empty_space height=&#8220;7px&#8220;][vc_column_text]<\/p>\n<h2>\u00dcber Uns<\/h2>\n<p>[\/vc_column_text][vc_empty_space height=&#8220;21px&#8220;][vc_column_text]<\/p>\n<p data-adtags-visited=\"true\">Nach \u00fcber 20 Jahren Berufserfahrung in der Lebensmittel- und Transportlogistik, wurde B.L.U.E Courier Service im Jahr 2006 vom Inhaber und Kaufmann Detlef Putzig gegr\u00fcndet.<\/p>\n<p data-adtags-visited=\"true\">Mit seiner Leidenschaft f\u00fcr die Logistik, wollte er der st\u00e4ndig nachlassenden Qualit\u00e4t in der KEP Branche den Kampf ansagen und zeigen, dass man Kundenversprechen nicht nur halten kann, sondern muss.<\/p>\n<p>[\/vc_column_text][vc_empty_space height=&#8220;30px&#8220;]\n\n\t<a href=\"\/ueber-uns\" target=\"_self\" style=\"font-size: 12px\" class=\"qode-btn qode-btn-medium qode-btn-solid qode-btn-icon qodef-btn-icon-square qode-btn-icon-rotate\"  >\n\t    <span class=\"qode-btn-text\">Mehr Erfahren<\/span><span class=\"qode-button-v2-icon-holder\" style=\"font-size: 16px\" ><span aria-hidden=\"true\" class=\"qode_icon_font_elegant arrow_carrot-right_alt2 qode-button-v2-icon-holder-inner\" ><\/span><\/span>\t<\/a>\n\n[vc_empty_space height=&#8220;40px&#8220;][\/vc_column_inner][vc_column_inner offset=&#8220;vc_col-lg-8 vc_col-md-8&#8243;][vc_empty_space height=&#8220;7px&#8220;][vc_single_image image=&#8220;416&#8243; img_size=&#8220;large&#8220; style=&#8220;vc_box_rounded&#8220; onclick=&#8220;link_image&#8220; qode_css_animation=&#8220;&#8220; qode_hover_animation=&#8220;zoom_in&#8220;][vc_empty_space height=&#8220;40px&#8220;][\/vc_column_inner][\/vc_row_inner][\/qode_content_slider_item][\/qode_content_slider][\/vc_column][\/vc_row]<\/p>\n","protected":false},"excerpt":{"rendered":"<p>[vc_row css_animation=&#8220;&#8220; row_type=&#8220;row&#8220; use_row_as_full_screen_section=&#8220;no&#8220; type=&#8220;grid&#8220; angled_section=&#8220;no&#8220; text_align=&#8220;left&#8220; background_image_as_pattern=&#8220;without_pattern&#8220;][vc_column css=&#8220;.vc_custom_1481616437392{margin-top: -94px !important;padding-top: 94px !important;padding-bottom: 0px !important;background-color: #ffffff !important;}&#8220;][\/vc_column][\/vc_row][vc_row css_animation=&#8220;&#8220; row_type=&#8220;row&#8220; use_row_as_full_screen_section=&#8220;no&#8220; type=&#8220;grid&#8220; angled_section=&#8220;no&#8220; text_align=&#8220;left&#8220; background_image_as_pattern=&#8220;without_pattern&#8220;][vc_column css=&#8220;.vc_custom_1584449889170{margin-top: -46px !important;border-right-width: 1px !important;padding-top: 0px !important;padding-right: 48px !important;padding-left: 48px !important;background-color: #ffffff !important;border-right-color: #eae9e9 !important;border-right-style: solid !important;}&#8220; offset=&#8220;vc_col-lg-4 vc_col-md-4&#8243;][qode_elements_holder number_of_columns=&#8220;one_column&#8220;][qode_elements_holder_item vertical_alignment=&#8220;top&#8220;&#8230;<\/p>\n","protected":false},"author":1,"featured_media":0,"parent":0,"menu_order":0,"comment_status":"closed","ping_status":"closed","template":"full_width.php","meta":[],"_links":{"self":[{"href":"https:\/\/bluecourier.de\/index.php?rest_route=\/wp\/v2\/pages\/7"}],"collection":[{"href":"https:\/\/bluecourier.de\/index.php?rest_route=\/wp\/v2\/pages"}],"about":[{"href":"https:\/\/bluecourier.de\/index.php?rest_route=\/wp\/v2\/types\/page"}],"author":[{"embeddable":true,"href":"https:\/\/bluecourier.de\/index.php?rest_route=\/wp\/v2\/users\/1"}],"replies":[{"embeddable":true,"href":"https:\/\/bluecourier.de\/index.php?rest_route=%2Fwp%2Fv2%2Fcomments&post=7"}],"version-history":[{"count":35,"href":"https:\/\/bluecourier.de\/index.php?rest_route=\/wp\/v2\/pages\/7\/revisions"}],"predecessor-version":[{"id":429,"href":"https:\/\/bluecourier.de\/index.php?rest_route=\/wp\/v2\/pages\/7\/revisions\/429"}],"wp:attachment":[{"href":"https:\/\/bluecourier.de\/index.php?rest_route=%2Fwp%2Fv2%2Fmedia&parent=7"}],"curies":[{"name":"wp","href":"https:\/\/api.w.org\/{rel}","templated":true}]}}